{"id":18,"date":"2023-12-16T00:57:10","date_gmt":"2023-12-16T00:57:10","guid":{"rendered":"https:\/\/mg3d.de\/?post_type=product&#038;p=18"},"modified":"2026-04-27T15:14:49","modified_gmt":"2026-04-27T15:14:49","slug":"gasflaschenschluessel-v1","status":"publish","type":"product","link":"https:\/\/mg3d.de\/?product=gasflaschenschluessel-v1","title":{"rendered":"Gasflaschenschl\u00fcssel v1"},"content":{"rendered":"<div>\n<h1>2in1 Gasflaschen Schl\u00fcssel 3D-Gedruckt!<\/h1>\n<h3>Der perfekte kleine Helfer f\u00fcr Ihren Camping Ausflug!<\/h3>\n<ul>\n<li>Ergonomisch geformter Schl\u00fcssel f\u00fcr Gasflaschen und sicheres Festziehen der \u00dcberwurfmutter.<\/li>\n<li>Perfekt f\u00fcr Camper, Wohnwagen und Wohnmobile.<\/li>\n<li>Sicheres Anziehen des Druckminderers an die Gasflasche.<\/li>\n<li>Auch unzug\u00e4nglichen Gask\u00e4sten stellen kein Problem mehr dar.<\/li>\n<li>Kompatibel mit Niederdruckregler von 30 &#8211; 50 mbar mit Kleinflaschenanschluss.<\/li>\n<li>2 in 1 Tool f\u00fcr die Verschlusskappe und den Druckminderer<\/li>\n<\/ul>\n<\/div>\n<div>\n<h3>Lieferumfang:<\/h3>\n<ul>\n<li>1x Gasflaschenschl\u00fcssel<\/li>\n<\/ul>\n<\/div>\n<div>\n<h3>Nutzung:<\/h3>\n<p>Der 3D gedruckte Schl\u00fcssel wird auf die \u00fcberwurfmutter des Druckminderers gesteckt um diesen festzuziehen. Zudem k\u00f6nnen Sie mit diesem Tool die Verschlussmutter der Propangasflasche fest- oder losdrehen.<\/p>\n<p>Der Druckminderer Schl\u00fcssel hat in der Mitte ein Loch um diesen an die Gasflasche zu binden. Somit haben Sie dieses Tool dauerhaft in der N\u00e4he vom Nutzungsumfeld.<\/p>\n<\/div>\n<div>\n<h3>Herstellung:<\/h3>\n<p>Dieses 2 in 1 Gasflaschen-Tool wird im 3D-Drucker hergestellt und hat somit keine glatte Oberfl\u00e4che wie man es von Spritzgussteilen kennt. Daf\u00fcr k\u00f6nnen preisg\u00fcnstig und Umweltbewusst nur kleine mengen produziert werden, um Ihr Erlebnis beim\u00a0 Campen und Grillen zu vereinfachen.<\/p>\n<p>Bei 3D gedruckten Teile erkennt man sogenannte Layer-Lines. Linien die durch die Produktion entstehen. Durch die ausdr\u00fcckliche Kennzeichnung, dass wir hier ein 3D gedrucktes Objekt verkaufen, gew\u00e4hren wir keinerlei R\u00fccknahme aufgrund dieser 3D Druck Merkmale. Dennoch bem\u00fchen wir uns die 3D-Drucke so zu optimieren, dass diese eine saubere und sch\u00f6ne Oberfl\u00e4che haben!<\/p>\n<\/div>\n<div>\n<h3>Versand:<\/h3>\n<p>Wir versenden standardm\u00e4\u00dfig per Deutsche Post in einer Luftpolstertaschen.<\/p>\n<\/div>\n<div>\n<h3>Warnhinweis:<\/h3>\n<p>Die Dichtheit der Verbindung muss vom Nutzer gepr\u00fcft werden!<\/p>\n<\/div>\n<div>\n<h3>Verbesserung:<\/h3>\n<p>Haben Sie Verbesserungsvorschl\u00e4ge f\u00fcr dieses Produkt? Gerne nehmen wir diese Entgegen und setzen diese nach M\u00f6glichkeit um!<\/p>\n<\/div>\n<div>\n<h3>Rechtliche Informationen:<\/h3>\n<p>Der angegebene Preis ist ein Endpreis zzgl. Versandkosten. Gem\u00e4\u00df \u00a7 19 UStG erheben wir keine Umsatzsteuer und weisen diese folglich auch nicht aus (Kleinunternehmerstatus).<\/p>\n<\/div>\n<div>\n<h3>Haftungsausschluss:<\/h3>\n<p>Dieser Gasschl\u00fcssel ist nur f\u00fcr den Anschluss von Niederdruckreglern an handels\u00fcblichen Gasflaschen zugelassen. Vor dem Betrieb der Gasflasche muss der korrekte Sitz des Reglers auf dem Gasanschluss \u00fcberpr\u00fcft werden und der dichte Anschluss sichergestellt \u00a0 \u00a0 \u00a0 \u00a0 \u00a0 \u00a0 \u00a0 \u00a0 sein. Nutzung nur im Au\u00dfenbereich! Die Verantwortung f\u00fcr die Nutzung liegt ausschlie\u00dflich bei dem Betreiber und sollte w\u00e4hrend und vor des Betriebes \u00fcberwacht werden. Es werden keinerlei Sach- und Personensch\u00e4den durch Missbrauch und deren \u00a0 \u00a0 \u00a0 \u00a0 \u00a0 \u00a0 \u00a0 \u00a0 Folgen \u00fcbernommen. Der Adapter dient lediglich zum einfacherem Anziehen der \u00dcberwurfmutter und nicht als Nachweis einer dichten Verschraubung!<\/p>\n<p>F\u00fcr die AGB mit Kundeninformationen auf \u201eAllgemeine Gesch\u00e4ftsbedingungen f\u00fcr dieses Angebot\u201c und f\u00fcr Muster-Widerrufsformular auf \u201eVollst\u00e4ndige Widerrufsbelehrung\u201c klicken.<\/p>\n<\/div>\n","protected":false},"excerpt":{"rendered":"<p>2in1 Gasflaschen Schl\u00fcssel 3D-Gedruckt! Der perfekte kleine Helfer f\u00fcr Ihren Camping Ausflug! Ergonomisch geformter Schl\u00fcssel f\u00fcr Gasflaschen und sicheres Festziehen der \u00dcberwurfmutter. Perfekt f\u00fcr Camper,&#8230;<\/p>\n<div class=\"more-link-wrapper\"><a class=\"more-link\" href=\"https:\/\/mg3d.de\/?product=gasflaschenschluessel-v1\">Read More<span class=\"screen-reader-text\">Gasflaschenschl\u00fcssel v1<\/span><\/a><\/div>\n","protected":false},"featured_media":19,"comment_status":"open","ping_status":"closed","template":"","meta":[],"product_cat":[15],"product_tag":[],"class_list":{"0":"post-18","1":"product","2":"type-product","3":"status-publish","4":"has-post-thumbnail","6":"product_cat-unkategorisiert","7":"entry","9":"first","10":"instock","11":"sale","12":"shipping-taxable","13":"purchasable","14":"product-type-simple"},"yoast_head":"<!-- This site is optimized with the Yoast SEO plugin v21.7 - https:\/\/yoast.com\/wordpress\/plugins\/seo\/ -->\n<title>Gasflaschenschl\u00fcssel v1 - MG3D<\/title>\n<meta name=\"robots\" content=\"index, follow, max-snippet:-1, max-image-preview:large, max-video-preview:-1\" \/>\n<link rel=\"canonical\" href=\"https:\/\/mg3d.de\/?product=gasflaschenschluessel-v1\" \/>\n<meta property=\"og:locale\" content=\"de_DE\" \/>\n<meta property=\"og:type\" content=\"article\" \/>\n<meta property=\"og:title\" content=\"Gasflaschenschl\u00fcssel v1 - MG3D\" \/>\n<meta property=\"og:description\" content=\"2in1 Gasflaschen Schl\u00fcssel 3D-Gedruckt! Der perfekte kleine Helfer f\u00fcr Ihren Camping Ausflug! Ergonomisch geformter Schl\u00fcssel f\u00fcr Gasflaschen und sicheres Festziehen der \u00dcberwurfmutter. Perfekt f\u00fcr Camper,&#8230;Read MoreGasflaschenschl\u00fcssel v1\" \/>\n<meta property=\"og:url\" content=\"https:\/\/mg3d.de\/?product=gasflaschenschluessel-v1\" \/>\n<meta property=\"og:site_name\" content=\"MG3D\" \/>\n<meta property=\"article:modified_time\" content=\"2026-04-27T15:14:49+00:00\" \/>\n<meta property=\"og:image\" content=\"https:\/\/mg3d.de\/wp-content\/uploads\/2023\/12\/img_01.png\" \/>\n\t<meta property=\"og:image:width\" content=\"1500\" \/>\n\t<meta property=\"og:image:height\" content=\"1500\" \/>\n\t<meta property=\"og:image:type\" content=\"image\/png\" \/>\n<meta name=\"twitter:card\" content=\"summary_large_image\" \/>\n<meta name=\"twitter:label1\" content=\"Gesch\u00e4tzte Lesezeit\" \/>\n\t<meta name=\"twitter:data1\" content=\"3\u00a0Minuten\" \/>\n<script type=\"application\/ld+json\" class=\"yoast-schema-graph\">{\"@context\":\"https:\/\/schema.org\",\"@graph\":[{\"@type\":\"WebPage\",\"@id\":\"https:\/\/mg3d.de\/?product=gasflaschenschluessel-v1\",\"url\":\"https:\/\/mg3d.de\/?product=gasflaschenschluessel-v1\",\"name\":\"Gasflaschenschl\u00fcssel v1 - MG3D\",\"isPartOf\":{\"@id\":\"https:\/\/mg3d.de\/#website\"},\"datePublished\":\"2023-12-16T00:57:10+00:00\",\"dateModified\":\"2026-04-27T15:14:49+00:00\",\"breadcrumb\":{\"@id\":\"https:\/\/mg3d.de\/?product=gasflaschenschluessel-v1#breadcrumb\"},\"inLanguage\":\"de\",\"potentialAction\":[{\"@type\":\"ReadAction\",\"target\":[\"https:\/\/mg3d.de\/?product=gasflaschenschluessel-v1\"]}]},{\"@type\":\"BreadcrumbList\",\"@id\":\"https:\/\/mg3d.de\/?product=gasflaschenschluessel-v1#breadcrumb\",\"itemListElement\":[{\"@type\":\"ListItem\",\"position\":1,\"name\":\"Shop\",\"item\":\"https:\/\/mg3d.de\/\"},{\"@type\":\"ListItem\",\"position\":2,\"name\":\"Gasflaschenschl\u00fcssel v1\"}]},{\"@type\":\"WebSite\",\"@id\":\"https:\/\/mg3d.de\/#website\",\"url\":\"https:\/\/mg3d.de\/\",\"name\":\"MG3D\",\"description\":\"\",\"potentialAction\":[{\"@type\":\"SearchAction\",\"target\":{\"@type\":\"EntryPoint\",\"urlTemplate\":\"https:\/\/mg3d.de\/?s={search_term_string}\"},\"query-input\":\"required name=search_term_string\"}],\"inLanguage\":\"de\"}]}<\/script>\n<!-- \/ Yoast SEO plugin. -->","yoast_head_json":{"title":"Gasflaschenschl\u00fcssel v1 - MG3D","robots":{"index":"index","follow":"follow","max-snippet":"max-snippet:-1","max-image-preview":"max-image-preview:large","max-video-preview":"max-video-preview:-1"},"canonical":"https:\/\/mg3d.de\/?product=gasflaschenschluessel-v1","og_locale":"de_DE","og_type":"article","og_title":"Gasflaschenschl\u00fcssel v1 - MG3D","og_description":"2in1 Gasflaschen Schl\u00fcssel 3D-Gedruckt! Der perfekte kleine Helfer f\u00fcr Ihren Camping Ausflug! Ergonomisch geformter Schl\u00fcssel f\u00fcr Gasflaschen und sicheres Festziehen der \u00dcberwurfmutter. Perfekt f\u00fcr Camper,&#8230;Read MoreGasflaschenschl\u00fcssel v1","og_url":"https:\/\/mg3d.de\/?product=gasflaschenschluessel-v1","og_site_name":"MG3D","article_modified_time":"2026-04-27T15:14:49+00:00","og_image":[{"width":1500,"height":1500,"url":"https:\/\/mg3d.de\/wp-content\/uploads\/2023\/12\/img_01.png","type":"image\/png"}],"twitter_card":"summary_large_image","twitter_misc":{"Gesch\u00e4tzte Lesezeit":"3\u00a0Minuten"},"schema":{"@context":"https:\/\/schema.org","@graph":[{"@type":"WebPage","@id":"https:\/\/mg3d.de\/?product=gasflaschenschluessel-v1","url":"https:\/\/mg3d.de\/?product=gasflaschenschluessel-v1","name":"Gasflaschenschl\u00fcssel v1 - MG3D","isPartOf":{"@id":"https:\/\/mg3d.de\/#website"},"datePublished":"2023-12-16T00:57:10+00:00","dateModified":"2026-04-27T15:14:49+00:00","breadcrumb":{"@id":"https:\/\/mg3d.de\/?product=gasflaschenschluessel-v1#breadcrumb"},"inLanguage":"de","potentialAction":[{"@type":"ReadAction","target":["https:\/\/mg3d.de\/?product=gasflaschenschluessel-v1"]}]},{"@type":"BreadcrumbList","@id":"https:\/\/mg3d.de\/?product=gasflaschenschluessel-v1#breadcrumb","itemListElement":[{"@type":"ListItem","position":1,"name":"Shop","item":"https:\/\/mg3d.de\/"},{"@type":"ListItem","position":2,"name":"Gasflaschenschl\u00fcssel v1"}]},{"@type":"WebSite","@id":"https:\/\/mg3d.de\/#website","url":"https:\/\/mg3d.de\/","name":"MG3D","description":"","potentialAction":[{"@type":"SearchAction","target":{"@type":"EntryPoint","urlTemplate":"https:\/\/mg3d.de\/?s={search_term_string}"},"query-input":"required name=search_term_string"}],"inLanguage":"de"}]}},"_links":{"self":[{"href":"https:\/\/mg3d.de\/index.php?rest_route=\/wp\/v2\/product\/18","targetHints":{"allow":["GET"]}}],"collection":[{"href":"https:\/\/mg3d.de\/index.php?rest_route=\/wp\/v2\/product"}],"about":[{"href":"https:\/\/mg3d.de\/index.php?rest_route=\/wp\/v2\/types\/product"}],"replies":[{"embeddable":true,"href":"https:\/\/mg3d.de\/index.php?rest_route=%2Fwp%2Fv2%2Fcomments&post=18"}],"wp:featuredmedia":[{"embeddable":true,"href":"https:\/\/mg3d.de\/index.php?rest_route=\/wp\/v2\/media\/19"}],"wp:attachment":[{"href":"https:\/\/mg3d.de\/index.php?rest_route=%2Fwp%2Fv2%2Fmedia&parent=18"}],"wp:term":[{"taxonomy":"product_cat","embeddable":true,"href":"https:\/\/mg3d.de\/index.php?rest_route=%2Fwp%2Fv2%2Fproduct_cat&post=18"},{"taxonomy":"product_tag","embeddable":true,"href":"https:\/\/mg3d.de\/index.php?rest_route=%2Fwp%2Fv2%2Fproduct_tag&post=18"}],"curies":[{"name":"wp","href":"https:\/\/api.w.org\/{rel}","templated":true}]}}